{"id":1279,"date":"2017-05-03T08:22:38","date_gmt":"2017-05-03T07:22:38","guid":{"rendered":"http:\/\/drama-in-education.ch\/wp_live\/home-new\/"},"modified":"2024-06-05T14:35:44","modified_gmt":"2024-06-05T12:35:44","slug":"home-new","status":"publish","type":"page","link":"https:\/\/drama-in-education.ch\/en\/","title":{"rendered":"Drama in Education"},"content":{"rendered":"<p>&#8211; Weiterbildung f\u00fcr Lehrpersonen<br \/>\n&#8211; kreatives Schreiben, Naturgenuss<br \/>\n&#8211; Improvisationstheater, Gruppenerlebnisse<br \/>\n&#8211; Pr\u00e4sentation und Auftrittskompetenz<br \/>\n&#8211; Pers\u00f6nlichkeitsbildung<\/p>\n<p><a href=\"https:\/\/www.youtube.com\/live\/9afZOihSEbM?si=NYOdN5WtsYGXII13\">LinkedIn Live vom 5.6.2024<\/a><\/p>\n","protected":false},"excerpt":{"rendered":"<p>&#8211; Weiterbildung f\u00fcr Lehrpersonen &#8211; kreatives Schreiben, Naturgenuss &#8211; Improvisationstheater, Gruppenerlebnisse &#8211; Pr\u00e4sentation und Auftrittskompetenz &#8211; Pers\u00f6nlichkeitsbildung LinkedIn Live vom 5.6.2024<\/p>\n","protected":false},"author":1,"featured_media":1950,"parent":0,"menu_order":0,"comment_status":"closed","ping_status":"closed","template":"tpl-scrollpage.php","meta":{"footnotes":""},"class_list":["post-1279","page","type-page","status-publish","has-post-thumbnail","hentry"],"_links":{"self":[{"href":"https:\/\/drama-in-education.ch\/en\/wp-json\/wp\/v2\/pages\/1279","targetHints":{"allow":["GET"]}}],"collection":[{"href":"https:\/\/drama-in-education.ch\/en\/wp-json\/wp\/v2\/pages"}],"about":[{"href":"https:\/\/drama-in-education.ch\/en\/wp-json\/wp\/v2\/types\/page"}],"author":[{"embeddable":true,"href":"https:\/\/drama-in-education.ch\/en\/wp-json\/wp\/v2\/users\/1"}],"replies":[{"embeddable":true,"href":"https:\/\/drama-in-education.ch\/en\/wp-json\/wp\/v2\/comments?post=1279"}],"version-history":[{"count":7,"href":"https:\/\/drama-in-education.ch\/en\/wp-json\/wp\/v2\/pages\/1279\/revisions"}],"predecessor-version":[{"id":1965,"href":"https:\/\/drama-in-education.ch\/en\/wp-json\/wp\/v2\/pages\/1279\/revisions\/1965"}],"wp:featuredmedia":[{"embeddable":true,"href":"https:\/\/drama-in-education.ch\/en\/wp-json\/wp\/v2\/media\/1950"}],"wp:attachment":[{"href":"https:\/\/drama-in-education.ch\/en\/wp-json\/wp\/v2\/media?parent=1279"}],"curies":[{"name":"wp","href":"https:\/\/api.w.org\/{rel}","templated":true}]}}