{"id":60,"date":"2017-03-24T16:22:20","date_gmt":"2017-03-24T16:22:20","guid":{"rendered":"http:\/\/drama-in-education.ch\/wp_live\/?page_id=60"},"modified":"2024-10-14T10:40:29","modified_gmt":"2024-10-14T08:40:29","slug":"fuer-lehrer","status":"publish","type":"page","link":"https:\/\/drama-in-education.ch\/en\/angebot\/fuer-lehrer\/","title":{"rendered":"Retreats in Ftan"},"content":{"rendered":"<h3><span style=\"color: #000000;\"><strong>Ir s\u00fc per gnir gi\u00f2 \u2013 hochfahren <\/strong><\/span> <span style=\"color: #000000;\"><strong>um herunterzufahren<\/strong><\/span><\/h3>\r\n<p>&#8220;Zwei Personen an einem Bergbach. Ein hin und her gereichtes Blatt Papier, das mit Eindr\u00fccken aus der Landschaft und Erinnerungen gef\u00fcllt wird. Ein fertiges Gedicht, rezitiert an Ort und Stelle.&#8221; (MD, August 2023)<\/p>\r\n<h2><span style=\"color: #000000;\">Theater und kreatives Schreiben<\/span><\/h2>\r\n<p><span style=\"color: #000000;\"><!-- \/wp:post-content -->\r\n\r\n<!-- wp:list --><\/span><\/p>\r\n<ul>\r\n<li><span style=\"color: #000000;\">Du suchst ein paar Tage Auszeit f\u00fcr dich.<\/span><\/li>\r\n<li><span style=\"color: #000000;\">Du freust dich auf die Begegnung und den Austausch mit Menschen.\u00a0<\/span><\/li>\r\n<li><span style=\"color: #000000;\">Du bist bewegungs- und experimentierfreudig.<\/span><\/li>\r\n<li><span style=\"color: #000000;\">Du hast Lust auf Neues und Unerwartetes.\u00a0<\/span><\/li>\r\n<li><span style=\"color: #000000;\">Du bist unkompliziert und wetterfest.<\/span><\/li>\r\n<li><span style=\"color: #000000;\">Du lachst gerne!<\/span><\/li>\r\n<\/ul>\r\n<p><span style=\"color: #000000;\"><!-- \/wp:list -->\r\n\r\n<!-- wp:paragraph {\"customFontSize\":21} --><\/span><\/p>\r\n<p style=\"font-size: 21px;\"><span style=\"color: #000000;\">Wir sind eine kleine Gruppe von max. 6 Teilnehmenden, verbringen gemeinsame Tage auf der Sonnenterrasse Ftan im Unterengadin und tauchen ein<\/span><\/p>\r\n<p><span style=\"color: #000000;\"><!-- \/wp:paragraph -->\r\n\r\n<!-- wp:list --><\/span><\/p>\r\n<ul>\r\n<li><span style=\"color: #000000;\">ins Spiel der\u00a0<strong>Theaterimprovisation<\/strong><\/span><\/li>\r\n<li><span style=\"color: #000000;\">ins kreative\u00a0<strong>Schreiben<\/strong><\/span><\/li>\r\n<li><span style=\"color: #000000;\">in die Welt unserer\u00a0<strong>Stimme<\/strong><\/span><\/li>\r\n<\/ul>\r\n<p><span style=\"color: #000000;\"><!-- \/wp:list -->\r\n\r\n<!-- wp:paragraph --><\/span> <span style=\"color: #000000;\">unsere Sinne richten sich auf<\/span> <span style=\"color: #000000;\"><!-- \/wp:paragraph -->\r\n\r\n<!-- wp:list --><\/span><\/p>\r\n<ul>\r\n<li>unsere eigenen Erfahrungssch\u00e4tze<\/li>\r\n<li><span style=\"color: #000000;\">Entdeckungstouren im Dorf<\/span><\/li>\r\n<li><span style=\"color: #000000;\">Spazierg\u00e4nge in der Natur und im Wald<\/span><\/li>\r\n<li><span style=\"color: #000000;\">das Bergpanorama, das sich in immer neuem Licht pr\u00e4sentiert<\/span><\/li>\r\n<li><span style=\"color: #000000;\">die vielf\u00e4ltige Flora und Fauna des Unterengadins<\/span><\/li>\r\n<li><span style=\"color: #000000;\">das erfrischende Nass des Lai da Padnal<\/span><\/li>\r\n<li><span style=\"color: #000000;\">das geschichtstr\u00e4chtige Haus <a style=\"color: #000000;\" href=\"http:\/\/www.rontsch86.com\">Chasa Mendury<\/a><\/span><\/li>\r\n<\/ul>\r\n<p>Eine Sequenz <strong>K\u00f6rperarbeit<\/strong> und <strong>Stimmtraining<\/strong> weckt K\u00f6rper, Emotionen und Geist f\u00fcrs Schreiben, Sprechen und Spielen. \u00dcber Aktivit\u00e4ten aus der <strong>Theaterimprovisation<\/strong> und dem <strong>kreativen Schreiben<\/strong> <strong>generieren wir Texte<\/strong> &#8211; allein und im Zusammenspiel mit der Gruppe. \u00a0Diese <strong>tragen wir uns gegenseitig vor<\/strong>, erleben unsere befreite Stimme und \u00fcben <strong>sicheres und entspanntes Auftreten<\/strong>. Eine ausgewogene Balance zwischen K\u00f6rper, Intellekt, Intuition und Kreativit\u00e4t ist mir sehr wichtig, weshalb immer alle Komponenten der Kursinhalte im Wechselspiel stehen. Das genaue Programm richtet sich &#8211; wo weit wie m\u00f6glich &#8211; nach den individuellen Bed\u00fcrfnissen der Gruppe und nat\u00fcrlich nach dem Wetter.<\/p>\r\n<p><span style=\"color: #000000;\"><!-- \/wp:list -->\r\n\r\n<!-- wp:paragraph --><\/span><\/p>\r\n<h4><span style=\"color: #000000;\">Daten<\/span><\/h4>\r\n<p><span style=\"color: #000000;\">18.-21. Juli 2024 (Deutsch) <br \/>1.-4. August 2024 (Deutsch \/ Englisch) <br \/>15.-18. August 2024 (Deutsch) <br \/>5.-8. September 2024 (Deutsch) <br \/><br \/><\/span> Einzelcoaching, individuell organisierte Kleingruppe: jederzeit <strong><a href=\"nicole.kuepfer@gmail.com\">auf Anfrage<\/a><\/strong> m\u00f6glich <span style=\"color: #000000;\"><!-- \/wp:paragraph -->\r\n\r\n<!-- wp:paragraph --><\/span><\/p>\r\n<h4><strong>Kursleitung<\/strong><\/h4>\r\n<p><span style=\"color: #000000;\">Nicole K\u00fcpfer,<\/span> <span style=\"color: #000000;\">lic.phil. I Anglistik und Germanistik, MA drama in education, CAS Stimmbildung &#8211; Sprechen<\/span> <br \/><span style=\"color: #000000;\"><!-- \/wp:paragraph -->\r\n\r\n<!-- wp:paragraph --><\/span> <span style=\"color: #000000;\">Dramap\u00e4dagogin, Theaterspielerin, Bewegungsmensch<\/span><span style=\"color: #000000;\"><!-- \/wp:paragraph -->\r\n\r\n<!-- wp:paragraph --><\/span><\/p>\r\n<div class=\"\"><span style=\"color: #000000;\">Meine Verbundenheit mit dem Dorf Ftan geht zur\u00fcck ins Jahr 1998, als ich eine Stelle als Englisch- und Deutschlehrerin am Hochalpinen Institut annahm, drei Jahre lang im Dorf wohnte, unterrichtete, lebte und Einheimische kennenlernte, mich mit dem Romanischen vertraut machte. <\/span><\/div>\r\n<div class=\"\">\r\n<div class=\"\"><span style=\"color: #000000;\">Mehr als 30 Jahre lang war ich Gymnasiallehrerin f\u00fcr Englisch und Deutsch, bis ich mich im <\/span>Herbst 2021 zum Schritt als selbst\u00e4ndige Theatervermittlerin entschied. In meinem wunderbaren Haus in Ftan teile ich das Bouquet all meiner beruflichen Erfahrungen mit euch: Wir improvisieren, schreiben und tragen vor. Das alles in einem lockeren, entspannten Rahmen. Als Reise zu sich selbst quasi. Wer einen Input f\u00fcr berufliche Weiterbildung sucht, ist ebenso richtig in meinen Kursen.<br \/><br \/><\/div>\r\n<div class=\"\">Ihr werdet von meiner jahrzehntelangen Unterrichtserfahrung profitieren<\/div>\r\n<\/div>\r\n<div class=\"\">&#8211; als <strong>Dozentin<\/strong> in der Weiterbildung f\u00fcr Lehrpersonen<\/div>\r\n<div class=\"\">&#8211; als <strong>Mittelschullehrerin<\/strong> f\u00fcr Englisch und Deutsch<\/div>\r\n<div class=\"\">&#8211; als <strong>Leiterin des Freifachkurses Improvisationstheater<br \/><br \/><\/strong><\/div>\r\n<div>Meine p\u00e4dagogisch-didaktische Versiertheit habe ich verfeinert<\/div>\r\n<div class=\"\">&#8211; in zahllosen <strong>Improvisationstheater-Kursen<\/strong><\/div>\r\n<div class=\"\">&#8211; im <strong>Rollenstudium<\/strong> am SAMTS<\/div>\r\n<div class=\"\">&#8211; in Workshops in der <strong>Linklater Methode<\/strong> (<em>Freeing the Natural Voice<\/em>)<\/div>\r\n<div class=\"\">&#8211; in den <strong>Nachdiplomstudieng\u00e4ngen<\/strong> <i class=\"\">Drama in Education<\/i>\u00a0in Birmingham und\u00a0<i class=\"\">Stimme und Sprechen\u00a0<\/i>an der ZHdK<br \/><br \/><\/div>\r\n<div><span style=\"color: #000000;\">In meiner beruflichen Karriere habe ich <\/span><\/div>\r\n<div><span style=\"color: #000000;\">&#8211; Fremdsprachen und Literatur via Dramap\u00e4dagogik vermittelt<\/span><\/div>\r\n<div><span style=\"color: #000000;\">&#8211; Theaterkurse f\u00fcr Kinder und Improvisationstheaterkurse f\u00fcr Jugendliche und Erwachsene geleitet<br \/><br \/><\/span><\/div>\r\n<div><span style=\"color: #000000;\">In der Weiterbildung f\u00fcr Lehrpersonen unterrichte ich Drama in Education. Creative Writing, in Verbindung mit Improvisationstheater, ist integraler Bestandteil meiner Sprachvermittlung. Unabdingbar im Theaterspiel ist das Wahrnehmen unseres K\u00f6rpers als Resonanzk\u00f6rper unserer Stimme. Regelm\u00e4ssiges Training in der Linklater-Methode und Yogapraxis erg\u00e4nzen die Methodenvielfalt meiner Sprachvermittlung und Theaterarbeit.<\/span><\/div>\r\n<h4>\u00a0<\/h4>\r\n<h4><span style=\"color: #000000;\">Ungef\u00e4hrer Zeitplan der Retreats in Ftan<\/span><\/h4>\r\n<p><span style=\"color: #000000;\">10.00-12.00 Vormittagsworkshop <em>K\u00f6rper, Wahrnehmung, Schreiben<\/em><\/span> <br \/><span style=\"color: #000000;\"><span style=\"caret-color: #000000;\">individuelle Mittagsverpflegung<\/span><\/span> <br \/><span style=\"color: #000000;\">15.00-17.00 Nachmittagsworkshop <em>Stimme, Pr\u00e4sentieren, Improtheater<\/em><\/span> <br \/><span style=\"color: #000000;\">Beginn: Donnerstag 15.00 <\/span><span style=\"color: #000000;\">Ende: Sonntag 12.30\u00a0<\/span><\/p>\r\n<h4>Voraussetzungen<\/h4>\r\n<p><span style=\"color: #000000;\">KEINE<\/span> <br \/>F\u00fcr die Kurse Deutsch \/ Englisch: Interesse an und Passivkenntnis in beiden Sprachen. Der Kurs wird Deutsch und Englisch unterrichtet. Die Texte k\u00f6nnen jeweils in der f\u00fcr dich passenderen Sprache verfasst werden. <span style=\"color: #000000;\"><!-- \/wp:paragraph -->\r\n\r\n<!-- wp:paragraph --><\/span><\/p>\r\n<h4>Kosten<\/h4>\r\n<p><span style=\"color: #000000;\">4 Tage Workshops (12 Gruppenstunden) \u00a0SFR 400.00<\/span><\/p>\r\n<h4>Unterkunft<\/h4>\r\n<p>\u00dcbernachtungsm\u00f6glichkeiten: Hotel Bellavista Ftan, Hotel Chalamandrin Ftan, Garni Allegra Ftan, Chasa Cruschetta Ftan, AirBnB Ftan; Hotels in Scuol (z.B. Conrad oder Engiadina), Jugendherberge Scuol, Campingplatz Scuol etc. (alle Unterk\u00fcnfte individuell buchen)<\/p>\r\n<h4>Verpflegung<\/h4>\r\n<p><span style=\"color: #000000;\">individuelle Mittagsmahlzeiten (z.B. Picknick am Badesee &#8211; Volg, B\u00e4ckerei Cantieni, Hofladen Mengia) oder Restaurant: Chalamandrin, La Scuntrada, La Cana<\/span><\/p>","protected":false},"excerpt":{"rendered":"<p>Ir s\u00fc per gnir gi\u00f2 \u2013 hochfahren um herunterzufahren &#8220;Zwei Personen an einem Bergbach. Ein hin und her gereichtes Blatt Papier, das mit Eindr\u00fccken aus der Landschaft und Erinnerungen gef\u00fcllt wird. Ein fertiges Gedicht, rezitiert an Ort und Stelle.&#8221; (MD, August 2023) Theater und kreatives Schreiben Du suchst ein paar Tage Auszeit f\u00fcr dich. Du [&hellip;]<\/p>\n","protected":false},"author":1,"featured_media":8,"parent":19,"menu_order":1,"comment_status":"closed","ping_status":"closed","template":"","meta":{"footnotes":""},"class_list":["post-60","page","type-page","status-publish","has-post-thumbnail","hentry"],"_links":{"self":[{"href":"https:\/\/drama-in-education.ch\/en\/wp-json\/wp\/v2\/pages\/60","targetHints":{"allow":["GET"]}}],"collection":[{"href":"https:\/\/drama-in-education.ch\/en\/wp-json\/wp\/v2\/pages"}],"about":[{"href":"https:\/\/drama-in-education.ch\/en\/wp-json\/wp\/v2\/types\/page"}],"author":[{"embeddable":true,"href":"https:\/\/drama-in-education.ch\/en\/wp-json\/wp\/v2\/users\/1"}],"replies":[{"embeddable":true,"href":"https:\/\/drama-in-education.ch\/en\/wp-json\/wp\/v2\/comments?post=60"}],"version-history":[{"count":22,"href":"https:\/\/drama-in-education.ch\/en\/wp-json\/wp\/v2\/pages\/60\/revisions"}],"predecessor-version":[{"id":2020,"href":"https:\/\/drama-in-education.ch\/en\/wp-json\/wp\/v2\/pages\/60\/revisions\/2020"}],"up":[{"embeddable":true,"href":"https:\/\/drama-in-education.ch\/en\/wp-json\/wp\/v2\/pages\/19"}],"wp:featuredmedia":[{"embeddable":true,"href":"https:\/\/drama-in-education.ch\/en\/wp-json\/wp\/v2\/media\/8"}],"wp:attachment":[{"href":"https:\/\/drama-in-education.ch\/en\/wp-json\/wp\/v2\/media?parent=60"}],"curies":[{"name":"wp","href":"https:\/\/api.w.org\/{rel}","templated":true}]}}