{"id":797,"date":"2017-04-12T11:31:26","date_gmt":"2017-04-12T10:31:26","guid":{"rendered":"http:\/\/drama-in-education.ch\/wp_live\/?page_id=797\/"},"modified":"2022-04-04T10:36:01","modified_gmt":"2022-04-04T08:36:01","slug":"werdegang","status":"publish","type":"page","link":"https:\/\/drama-in-education.ch\/en\/biographie\/werdegang\/","title":{"rendered":"Background"},"content":{"rendered":"<h5>Nicole K\u00fcpfer is an Englisch and drama teacher. She lives and works in Z\u00fcrich.<\/h5>\n<p>After graduating from Z\u00fcrich university, Nicole has been teaching English and German at different schools in the Cantons of Z\u00fcrich and Graub\u00fcnden. Since acquiring her Master\u2019s Degree in drama in education, she has used drama to teach English langauge and literature with all her classes at Kantonsschule Z\u00fcrcher Oberland in Wetzikon, where she an improv theatre group for teenagers.<\/p>\n<p>Nicole has expanded her skills in drama and presentation skills with the CAS-course in voice training and speech at Z\u00fcrcher Hochschule der K\u00fcnste.<\/p>\n<p>In her freetime, Nicole acts in a freelance improv drama group and she enjoys doing sports.<\/p>\n","protected":false},"excerpt":{"rendered":"<p>Nicole K\u00fcpfer is an Englisch and drama teacher. She lives and works in Z\u00fcrich. After graduating from Z\u00fcrich university, Nicole has been teaching English and German at different schools in the Cantons of Z\u00fcrich and Graub\u00fcnden. Since acquiring her Master\u2019s Degree in drama in education, she has used drama to teach English langauge and literature [&hellip;]<\/p>\n","protected":false},"author":1,"featured_media":1317,"parent":37,"menu_order":0,"comment_status":"closed","ping_status":"closed","template":"","meta":{"footnotes":""},"class_list":["post-797","page","type-page","status-publish","has-post-thumbnail","hentry"],"_links":{"self":[{"href":"https:\/\/drama-in-education.ch\/en\/wp-json\/wp\/v2\/pages\/797","targetHints":{"allow":["GET"]}}],"collection":[{"href":"https:\/\/drama-in-education.ch\/en\/wp-json\/wp\/v2\/pages"}],"about":[{"href":"https:\/\/drama-in-education.ch\/en\/wp-json\/wp\/v2\/types\/page"}],"author":[{"embeddable":true,"href":"https:\/\/drama-in-education.ch\/en\/wp-json\/wp\/v2\/users\/1"}],"replies":[{"embeddable":true,"href":"https:\/\/drama-in-education.ch\/en\/wp-json\/wp\/v2\/comments?post=797"}],"version-history":[{"count":5,"href":"https:\/\/drama-in-education.ch\/en\/wp-json\/wp\/v2\/pages\/797\/revisions"}],"predecessor-version":[{"id":1198,"href":"https:\/\/drama-in-education.ch\/en\/wp-json\/wp\/v2\/pages\/797\/revisions\/1198"}],"up":[{"embeddable":true,"href":"https:\/\/drama-in-education.ch\/en\/wp-json\/wp\/v2\/pages\/37"}],"wp:featuredmedia":[{"embeddable":true,"href":"https:\/\/drama-in-education.ch\/en\/wp-json\/wp\/v2\/media\/1317"}],"wp:attachment":[{"href":"https:\/\/drama-in-education.ch\/en\/wp-json\/wp\/v2\/media?parent=797"}],"curies":[{"name":"wp","href":"https:\/\/api.w.org\/{rel}","templated":true}]}}